{"id":205,"date":"2018-09-19T15:49:09","date_gmt":"2018-09-19T13:49:09","guid":{"rendered":"http:\/\/fanprojekt-lev.de\/?page_id=205"},"modified":"2025-10-21T17:44:40","modified_gmt":"2025-10-21T15:44:40","slug":"beratung-und-vermittlung-bei-problemen","status":"publish","type":"page","link":"http:\/\/fanprojekt-lev.de\/?page_id=205","title":{"rendered":"Beratung und Vermittlung bei Problemen"},"content":{"rendered":"<div class=\"wp-block-image is-style-default\">\n<figure class=\"alignleft size-large is-resized\"><img decoding=\"async\" loading=\"lazy\" src=\"http:\/\/fanprojekt-lev.de\/wp-content\/uploads\/2025\/10\/20211017_135323-1024x768.jpg\" alt=\"\" class=\"wp-image-3237\" width=\"300\" height=\"220\"\/><\/figure><\/div>\n\n\n<p><strong>Sozialp\u00e4dagogische Einzelfallhilfe<\/strong><\/p>\n\n\n\n<p><\/p>\n\n\n\n<p><\/p>\n\n\n\n<p><\/p>\n\n\n\n<p><\/p>\n\n\n\n<p>Mit unserer sozialp\u00e4dagogischen Einzelfallhilfe richten wir uns gezielt an Jugendliche und junge Erwachsene aus dem Umfeld der Fanszene von Bayer 04 Leverkusen, die sich in schwierigen Lebenssituationen befinden. Unser Angebot ist individuell ausgerichtet und zielt darauf ab, junge Menschen in ihren jeweiligen Problemlagen zu unterst\u00fctzen, zu begleiten und zu st\u00e4rken.<\/p>\n\n\n\n<h3 class=\"has-medium-font-size\"><strong>Typische Themen k\u00f6nnen sein:<\/strong><\/h3>\n\n\n\n<ul>\n<li>Schwierigkeiten in Schule, Ausbildung oder Beruf<\/li>\n\n\n\n<li>Konflikte im famili\u00e4ren Umfeld oder in der Partnerschaft<\/li>\n\n\n\n<li>Probleme bei der Ausbildungs- oder Jobsuche<\/li>\n\n\n\n<li>Suchtproblematiken (z.\u202fB. Drogenkonsum)<\/li>\n\n\n\n<li>Verschuldung oder finanzielle Notlagen<\/li>\n\n\n\n<li>Stadionverbote und damit verbundene Bew\u00e4hrungsprozesse<\/li>\n\n\n\n<li>Weitere fu\u00dfballbezogene oder pers\u00f6nliche Herausforderungen<\/li>\n<\/ul>\n\n\n\n<h3 class=\"has-medium-font-size\"><strong>Vertraulichkeit steht an erster Stelle<\/strong><\/h3>\n\n\n\n<p>Alle Gespr\u00e4che und Informationen werden absolut vertraulich behandelt. Wir geben keine Inhalte an Dritte weiter \u2013 es sei denn, du w\u00fcnschst das ausdr\u00fccklich. Bei Bedarf vermitteln wir dich gerne an passende Fachberatungsstellen aus unserem lokalen Netzwerk, mit denen wir eng zusammenarbeiten.<\/p>\n\n\n\n<p class=\"has-large-font-size\"><em>Unser Ziel ist es, dir in schwierigen Zeiten zur Seite zu stehen \u2013 <strong>unb\u00fcrokratisch, pers\u00f6nlich und auf Augenh\u00f6he<\/strong>.<\/em><\/p>\n\n\n\n\n\n\n\n\n","protected":false},"excerpt":{"rendered":"<p>Sozialp\u00e4dagogische Einzelfallhilfe Mit unserer sozialp\u00e4dagogischen Einzelfallhilfe richten wir uns gezielt an Jugendliche und junge Erwachsene aus dem Umfeld der Fanszene von Bayer 04 Leverkusen, die sich in schwierigen Lebenssituationen befinden. Unser Angebot ist individuell ausgerichtet und zielt darauf ab, junge Menschen in ihren jeweiligen Problemlagen zu unterst\u00fctzen, zu begleiten und zu st\u00e4rken. Typische Themen k\u00f6nnen sein: Vertraulichkeit steht an erster Stelle Alle Gespr\u00e4che und Informationen werden absolut vertraulich behandelt. Wir geben keine Inhalte an Dritte weiter \u2013 es sei denn, du w\u00fcnschst das ausdr\u00fccklich. Bei Bedarf vermitteln wir dich gerne an passende Fachberatungsstellen aus unserem lokalen Netzwerk, mit denen wir eng zusammenarbeiten. Unser Ziel ist es, dir in schwierigen Zeiten zur Seite zu stehen \u2013 unb\u00fcrokratisch, pers\u00f6nlich und auf Augenh\u00f6he.<\/p>\n","protected":false},"author":2,"featured_media":0,"parent":19,"menu_order":7,"comment_status":"closed","ping_status":"closed","template":"","meta":[],"_links":{"self":[{"href":"http:\/\/fanprojekt-lev.de\/index.php?rest_route=\/wp\/v2\/pages\/205"}],"collection":[{"href":"http:\/\/fanprojekt-lev.de\/index.php?rest_route=\/wp\/v2\/pages"}],"about":[{"href":"http:\/\/fanprojekt-lev.de\/index.php?rest_route=\/wp\/v2\/types\/page"}],"author":[{"embeddable":true,"href":"http:\/\/fanprojekt-lev.de\/index.php?rest_route=\/wp\/v2\/users\/2"}],"replies":[{"embeddable":true,"href":"http:\/\/fanprojekt-lev.de\/index.php?rest_route=%2Fwp%2Fv2%2Fcomments&post=205"}],"version-history":[{"count":21,"href":"http:\/\/fanprojekt-lev.de\/index.php?rest_route=\/wp\/v2\/pages\/205\/revisions"}],"predecessor-version":[{"id":3312,"href":"http:\/\/fanprojekt-lev.de\/index.php?rest_route=\/wp\/v2\/pages\/205\/revisions\/3312"}],"up":[{"embeddable":true,"href":"http:\/\/fanprojekt-lev.de\/index.php?rest_route=\/wp\/v2\/pages\/19"}],"wp:attachment":[{"href":"http:\/\/fanprojekt-lev.de\/index.php?rest_route=%2Fwp%2Fv2%2Fmedia&parent=205"}],"curies":[{"name":"wp","href":"https:\/\/api.w.org\/{rel}","templated":true}]}}